{"id":312,"date":"2021-12-11T19:24:33","date_gmt":"2021-12-11T10:24:33","guid":{"rendered":"https:\/\/mvn.tw.vu\/?post_type=product&#038;p=312"},"modified":"2021-12-17T21:20:55","modified_gmt":"2021-12-17T12:20:55","slug":"ban-dan-guitar","status":"publish","type":"product","link":"https:\/\/mvn.co.jp\/vi\/uncategorized\/ban-dan-guitar\/","title":{"rendered":"B\u00e1n \u0111\u00e0n guitar"},"content":{"rendered":"","protected":false},"excerpt":{"rendered":"","protected":false},"featured_media":0,"comment_status":"closed","ping_status":"closed","template":"","meta":[],"product_brand":[],"product_cat":[],"product_tag":[],"class_list":{"0":"post-312","1":"product","2":"type-product","3":"status-publish","6":"first","7":"instock","8":"shipping-taxable","9":"product-type-simple"},"_links":{"self":[{"href":"https:\/\/mvn.co.jp\/vi\/wp-json\/wp\/v2\/product\/312","targetHints":{"allow":["GET"]}}],"collection":[{"href":"https:\/\/mvn.co.jp\/vi\/wp-json\/wp\/v2\/product"}],"about":[{"href":"https:\/\/mvn.co.jp\/vi\/wp-json\/wp\/v2\/types\/product"}],"replies":[{"embeddable":true,"href":"https:\/\/mvn.co.jp\/vi\/wp-json\/wp\/v2\/comments?post=312"}],"version-history":[{"count":0,"href":"https:\/\/mvn.co.jp\/vi\/wp-json\/wp\/v2\/product\/312\/revisions"}],"wp:attachment":[{"href":"https:\/\/mvn.co.jp\/vi\/wp-json\/wp\/v2\/media?parent=312"}],"wp:term":[{"taxonomy":"product_brand","embeddable":true,"href":"https:\/\/mvn.co.jp\/vi\/wp-json\/wp\/v2\/product_brand?post=312"},{"taxonomy":"product_cat","embeddable":true,"href":"https:\/\/mvn.co.jp\/vi\/wp-json\/wp\/v2\/product_cat?post=312"},{"taxonomy":"product_tag","embeddable":true,"href":"https:\/\/mvn.co.jp\/vi\/wp-json\/wp\/v2\/product_tag?post=312"}],"curies":[{"name":"wp","href":"https:\/\/api.w.org\/{rel}","templated":true}]}}